{"id":19,"date":"2018-05-01T11:27:06","date_gmt":"2018-05-01T11:27:06","guid":{"rendered":"http:\/\/mojo-design.ee\/?page_id=19"},"modified":"2021-04-30T18:51:11","modified_gmt":"2021-04-30T15:51:11","slug":"kontakt","status":"publish","type":"page","link":"https:\/\/mojo-design.ee\/en\/kontakt\/","title":{"rendered":"Contact"},"content":{"rendered":"<p><!-- epsilon\/slider --><br \/>\n<!-- epsilon\/portum_slides --><\/p>\n<ul class=\"slider\">\n<!-- epsilon\/Slides--><\/p>\n<li>\n<img decoding=\"async\" src=\"http:\/\/mojo-design.ee\/wp-content\/uploads\/2018\/07\/1-1600x600.jpg\" \/><\/p>\n<h3 class=\"slide-title\">Homes<\/h3>\n<div class=\"slide-caption\">Especially for you - together with you<\/div>\n<\/li>\n<p><!-- \/epsilon\/Slides--><br \/>\n<!-- epsilon\/Slides--><\/p>\n<li>\n<img decoding=\"async\" src=\"http:\/\/mojo-design.ee\/wp-content\/uploads\/2018\/07\/2-1600x600.jpg\" \/><\/p>\n<h3 class=\"slide-title\">Special Furniture<\/h3>\n<div class=\"slide-caption\">Different places and different uses - and the interior is different altogether<\/div>\n<\/li>\n<p><!-- \/epsilon\/Slides--><br \/>\n<!-- epsilon\/Slides--><\/p>\n<li>\n<img decoding=\"async\" src=\"http:\/\/mojo-design.ee\/wp-content\/uploads\/2018\/07\/3-1600x600.jpg\" \/><\/p>\n<h3 class=\"slide-title\">Offices<\/h3>\n<div class=\"slide-caption\">Not just \u201cAll work and no play\u2026\u201d<\/div>\n<\/li>\n<p><!-- \/epsilon\/Slides--><br \/>\n<!-- epsilon\/Slides--><\/p>\n<li>\n<img decoding=\"async\" src=\"http:\/\/mojo-design.ee\/wp-content\/uploads\/2018\/07\/4-1600x600.jpg\" \/><\/p>\n<h3 class=\"slide-title\">Public Space<\/h3>\n<div class=\"slide-caption\">BEST SPACES EVOLVE OVER TIME<\/div>\n<\/li>\n<p><!-- \/epsilon\/Slides--><br \/>\n<!-- epsilon\/Slides--><\/p>\n<li>\n<img decoding=\"async\" src=\"http:\/\/mojo-design.ee\/wp-content\/uploads\/2018\/07\/5-1600x600.jpg\" \/><\/p>\n<h3 class=\"slide-title\">Project Management<\/h3>\n<div class=\"slide-caption\">Exactly what is needed - from the very beginning to the glorious finish<\/div>\n<\/li>\n<p><!-- \/epsilon\/Slides-->\n<\/ul>\n<p><!-- \/epsilon\/portum_slides --><br \/>\n<!-- \/epsilon\/slider --><\/p>\n<p><!-- epsilon\/about --><\/p>\n<div class=\"container\">\n<div class=\"contact-details\">\n<div class=\"headline text-center\">Contact<\/div>\n<div class=\"wrapper fixed\">\n<div class=\"row\">\n<div class=\"col-xs-12 col-md-4\">\n<div class=\"contact-details-item\">\n<h5><i class=\"fa fa fa-map-marker\" aria-hidden=\"true\"><\/i><br \/>\nAddress<\/h5>\n<p>Tulika 19, Tallinn 10613, Estonia<\/p>\n<\/div>\n<\/div>\n<div class=\"col-xs-12 col-md-4\">\n<div class=\"contact-details-item\">\n<h5><i class=\"fa fa fa-mobile\" aria-hidden=\"true\"><\/i><br \/>\nPhone<\/h5>\n<p>+372 516 4209<\/p>\n<\/div>\n<\/div>\n<div class=\"col-xs-12 col-md-4\">\n<div class=\"contact-details-item\">\n<h5><i class=\"fa fa fa-envelope\" aria-hidden=\"true\"><\/i><br \/>\nEmail<\/h5>\n<p><a href=\"mailto:ilona@pyldme.ee\">ilona@pyldme.ee<\/a><\/p>\n<\/div>\n<\/div>\n<\/div>\n<\/div>\n<\/div>\n<\/div>\n<p><!-- \/epsilon\/about --><\/p>","protected":false},"excerpt":{"rendered":"<p>Kodud just teile,\u00a0koos teiega Erim\u00f6\u00f6bel kohad ja kasutajad erinevad, sisustus samuti B\u00fcrood t\u00f6\u00f6 olgu r\u00f5\u00f5m, mitte kohustus Avalik ruum astumiseks, istumiseks, silmailuks ka Projektijuhtimine t\u00e4pselt seda, mida vaja \u2013 nullist eduka l\u00f5puni KONTAKT Aadress Tulika 19, Tallinn 10613 Telefon +372 516 4209 Email ilona@pyldme.ee<\/p>","protected":false},"author":1,"featured_media":0,"parent":0,"menu_order":0,"comment_status":"closed","ping_status":"closed","template":"","meta":{"footnotes":""},"class_list":["post-19","page","type-page","status-publish","hentry"],"_links":{"self":[{"href":"https:\/\/mojo-design.ee\/en\/wp-json\/wp\/v2\/pages\/19"}],"collection":[{"href":"https:\/\/mojo-design.ee\/en\/wp-json\/wp\/v2\/pages"}],"about":[{"href":"https:\/\/mojo-design.ee\/en\/wp-json\/wp\/v2\/types\/page"}],"author":[{"embeddable":true,"href":"https:\/\/mojo-design.ee\/en\/wp-json\/wp\/v2\/users\/1"}],"replies":[{"embeddable":true,"href":"https:\/\/mojo-design.ee\/en\/wp-json\/wp\/v2\/comments?post=19"}],"version-history":[{"count":3,"href":"https:\/\/mojo-design.ee\/en\/wp-json\/wp\/v2\/pages\/19\/revisions"}],"predecessor-version":[{"id":12253,"href":"https:\/\/mojo-design.ee\/en\/wp-json\/wp\/v2\/pages\/19\/revisions\/12253"}],"wp:attachment":[{"href":"https:\/\/mojo-design.ee\/en\/wp-json\/wp\/v2\/media?parent=19"}],"curies":[{"name":"wp","href":"https:\/\/api.w.org\/{rel}","templated":true}]}}