{"id":21,"date":"2018-05-01T11:27:28","date_gmt":"2018-05-01T11:27:28","guid":{"rendered":"http:\/\/mojo-design.ee\/?page_id=21"},"modified":"2021-04-30T18:51:11","modified_gmt":"2021-04-30T15:51:11","slug":"meist","status":"publish","type":"page","link":"https:\/\/mojo-design.ee\/en\/meist\/","title":{"rendered":"About"},"content":{"rendered":"<p><!-- epsilon\/slider --><br \/>\n<!-- epsilon\/portum_slides --><\/p>\n<ul class=\"slider\">\n<!-- epsilon\/Slides--><\/p>\n<li>\n<img decoding=\"async\" src=\"http:\/\/mojo-design.ee\/wp-content\/uploads\/2018\/07\/1-1600x600.jpg\" \/><\/p>\n<h3 class=\"slide-title\">Homes<\/h3>\n<div class=\"slide-caption\">Especially for you - together with you<\/div>\n<\/li>\n<p><!-- \/epsilon\/Slides--><br \/>\n<!-- epsilon\/Slides--><\/p>\n<li>\n<img decoding=\"async\" src=\"http:\/\/mojo-design.ee\/wp-content\/uploads\/2018\/07\/2-1600x600.jpg\" \/><\/p>\n<h3 class=\"slide-title\">Special Furniture<\/h3>\n<div class=\"slide-caption\">Different places and different uses - and the interior is different altogether<\/div>\n<\/li>\n<p><!-- \/epsilon\/Slides--><br \/>\n<!-- epsilon\/Slides--><\/p>\n<li>\n<img decoding=\"async\" src=\"http:\/\/mojo-design.ee\/wp-content\/uploads\/2018\/07\/3-1600x600.jpg\" \/><\/p>\n<h3 class=\"slide-title\">Offices<\/h3>\n<div class=\"slide-caption\">Not just \u201cAll work and no play\u2026\u201d<\/div>\n<\/li>\n<p><!-- \/epsilon\/Slides--><br \/>\n<!-- epsilon\/Slides--><\/p>\n<li>\n<img decoding=\"async\" src=\"http:\/\/mojo-design.ee\/wp-content\/uploads\/2018\/07\/4-1600x600.jpg\" \/><\/p>\n<h3 class=\"slide-title\">Public Space<\/h3>\n<div class=\"slide-caption\">BEST SPACES EVOLVE OVER TIME<\/div>\n<\/li>\n<p><!-- \/epsilon\/Slides--><br \/>\n<!-- epsilon\/Slides--><\/p>\n<li>\n<img decoding=\"async\" src=\"http:\/\/mojo-design.ee\/wp-content\/uploads\/2018\/07\/5-1600x600.jpg\" \/><\/p>\n<h3 class=\"slide-title\">Project Management<\/h3>\n<div class=\"slide-caption\">Exactly what is needed - from the very beginning to the glorious finish<\/div>\n<\/li>\n<p><!-- \/epsilon\/Slides-->\n<\/ul>\n<p><!-- \/epsilon\/portum_slides --><br \/>\n<!-- \/epsilon\/slider --><\/p>\n<p><!-- epsilon\/about --><br \/>\nInterior Design<br \/>\nMOJO DESIGN<br \/>\nWe transform your home, office or public space into a well-thought-out environment where you can feel yourself secure and relaxed. We think through conceptual solutions, choose the right materials and colours to match the lighting and furniture, creating a coherent whole where even the smallest detail has its purpose. We can foresee how ideas will work when put into practice and implement them the best possible way. We collaborate with you taking into consideration your wishes and capabilities.<\/p>\n<p>Ilona P\u00f5ldme<br \/>\n<img decoding=\"async\" src=\"https:\/\/mojo-design.ee\/wp-content\/uploads\/2019\/09\/Picture-027-640x460.jpg\" \/><br \/>\n<!-- \/epsilon\/about --><\/p>","protected":false},"excerpt":{"rendered":"<p>Kodud just teile,\u00a0koos teiega Erim\u00f6\u00f6bel kohad ja kasutajad erinevad, sisustus samuti B\u00fcrood t\u00f6\u00f6 olgu r\u00f5\u00f5m, mitte kohustus Avalik ruum astumiseks, istumiseks, silmailuks ka Projektijuhtimine t\u00e4pselt seda, mida vaja \u2013 nullist eduka l\u00f5puni Sisekujundus MOJO DISAIN Loome teie kodust, kontorist v\u00f5i \u00fchiskondlikust ruumist l\u00e4bim\u00f5eldud keskkonna kus on hea ja turvaline. M\u00f5tleme l\u00e4bi plaanilahendused, valime materjalid ja [&hellip;]<\/p>","protected":false},"author":1,"featured_media":0,"parent":0,"menu_order":0,"comment_status":"closed","ping_status":"closed","template":"","meta":{"footnotes":""},"class_list":["post-21","page","type-page","status-publish","hentry"],"_links":{"self":[{"href":"https:\/\/mojo-design.ee\/en\/wp-json\/wp\/v2\/pages\/21"}],"collection":[{"href":"https:\/\/mojo-design.ee\/en\/wp-json\/wp\/v2\/pages"}],"about":[{"href":"https:\/\/mojo-design.ee\/en\/wp-json\/wp\/v2\/types\/page"}],"author":[{"embeddable":true,"href":"https:\/\/mojo-design.ee\/en\/wp-json\/wp\/v2\/users\/1"}],"replies":[{"embeddable":true,"href":"https:\/\/mojo-design.ee\/en\/wp-json\/wp\/v2\/comments?post=21"}],"version-history":[{"count":5,"href":"https:\/\/mojo-design.ee\/en\/wp-json\/wp\/v2\/pages\/21\/revisions"}],"predecessor-version":[{"id":1315,"href":"https:\/\/mojo-design.ee\/en\/wp-json\/wp\/v2\/pages\/21\/revisions\/1315"}],"wp:attachment":[{"href":"https:\/\/mojo-design.ee\/en\/wp-json\/wp\/v2\/media?parent=21"}],"curies":[{"name":"wp","href":"https:\/\/api.w.org\/{rel}","templated":true}]}}